{"id":1300,"date":"2022-08-14T11:12:55","date_gmt":"2022-08-14T11:12:55","guid":{"rendered":"https:\/\/hellowebserver.com\/?page_id=1300"},"modified":"2025-11-20T15:49:51","modified_gmt":"2025-11-20T14:49:51","slug":"contactez-nous","status":"publish","type":"page","link":"https:\/\/helloweb-hosting.com\/en\/contactez-nous\/","title":{"rendered":"Contact"},"content":{"rendered":"\t\t<div data-elementor-type=\"wp-page\" data-elementor-id=\"1300\" class=\"elementor elementor-1300\">\n\t\t\t\t\t\t<section class=\"elementor-section elementor-top-section elementor-element elementor-element-6d95d2c elementor-section-content-middle elementor-reverse-mobile elementor-section-boxed elementor-section-height-default elementor-section-height-default\" data-id=\"6d95d2c\" data-element_type=\"section\" data-settings=\"{&quot;background_background&quot;:&quot;gradient&quot;}\">\n\t\t\t\t\t\t\t<div class=\"elementor-background-overlay\"><\/div>\n\t\t\t\t\t\t\t<div class=\"elementor-container elementor-column-gap-default\">\n\t\t\t<div class=\"border_line border_line_column_d0cae1d\"><\/div>\t\t<div class=\"elementor-column elementor-col-50 elementor-top-column elementor-element elementor-element-d0cae1d\" data-id=\"d0cae1d\" data-element_type=\"column\">\n\t\t\t<div class=\"elementor-widget-wrap elementor-element-populated\">\n\t\t\t\t\t\t<div class=\"elementor-element elementor-element-b0f7d21 elementor-widget elementor-widget-heading\" data-id=\"b0f7d21\" data-element_type=\"widget\" data-widget_type=\"heading.default\">\n\t\t\t\t<div class=\"elementor-widget-container\">\n\t\t\t<style>\/*! elementor - v3.19.0 - 07-02-2024 *\/\n.elementor-heading-title{padding:0;margin:0;line-height:1}.elementor-widget-heading .elementor-heading-title[class*=elementor-size-]>a{color:inherit;font-size:inherit;line-height:inherit}.elementor-widget-heading .elementor-heading-title.elementor-size-small{font-size:15px}.elementor-widget-heading .elementor-heading-title.elementor-size-medium{font-size:19px}.elementor-widget-heading .elementor-heading-title.elementor-size-large{font-size:29px}.elementor-widget-heading .elementor-heading-title.elementor-size-xl{font-size:39px}.elementor-widget-heading .elementor-heading-title.elementor-size-xxl{font-size:59px}<\/style><h1 class=\"elementor-heading-title elementor-size-default\">Contactez-Nous\n<\/h1>\t\t<\/div>\n\t\t\t\t<\/div>\n\t\t\t\t<div class=\"elementor-element elementor-element-246b408 elementor-widget elementor-widget-heading\" data-id=\"246b408\" data-element_type=\"widget\" data-widget_type=\"heading.default\">\n\t\t\t\t<div class=\"elementor-widget-container\">\n\t\t\t<p class=\"elementor-heading-title elementor-size-default\">Notre finalit\u00e9 est de toujours atteindre les objectifs mesurables que nous d\u00e9finissons pr\u00e9alablement avec vous. Nous vous garantissons un excellent retour sur investissement et vous rapprochons de vos finalit\u00e9s quelle que soit leur nature.  Contactez-Nous !\n<\/p>\t\t<\/div>\n\t\t\t\t<\/div>\n\t\t\t\t\t<\/div>\n\t\t<\/div>\n\t\t<div class=\"border_line border_line_column_a3d33b2\"><\/div>\t\t<div class=\"elementor-column elementor-col-50 elementor-top-column elementor-element elementor-element-a3d33b2\" data-id=\"a3d33b2\" data-element_type=\"column\">\n\t\t\t<div class=\"elementor-widget-wrap elementor-element-populated\">\n\t\t\t\t\t\t<div class=\"elementor-element elementor-element-39d6bd1 elementor-widget elementor-widget-image\" data-id=\"39d6bd1\" data-element_type=\"widget\" data-widget_type=\"image.default\">\n\t\t\t\t<div class=\"elementor-widget-container\">\n\t\t\t<style>\/*! elementor - v3.19.0 - 07-02-2024 *\/\n.elementor-widget-image{text-align:center}.elementor-widget-image a{display:inline-block}.elementor-widget-image a img[src$=\".svg\"]{width:48px}.elementor-widget-image img{vertical-align:middle;display:inline-block}<\/style>\t\t\t\t\t\t\t\t\t\t<img fetchpriority=\"high\" decoding=\"async\" width=\"733\" height=\"554\" src=\"https:\/\/helloweb-hosting.com\/wp-content\/uploads\/2025\/03\/Contactez-nous.svg\" class=\"attachment-large size-large wp-image-17737\" alt=\"helloweb Contactez-nous\" \/>\t\t\t\t\t\t\t\t\t\t\t\t\t<\/div>\n\t\t\t\t<\/div>\n\t\t\t\t\t<\/div>\n\t\t<\/div>\n\t\t\t\t\t<\/div>\n\t\t<\/section>\n\t\t\t\t<section class=\"elementor-section elementor-top-section elementor-element elementor-element-7708baf elementor-section-boxed elementor-section-height-default elementor-section-height-default\" data-id=\"7708baf\" data-element_type=\"section\" data-settings=\"{&quot;background_background&quot;:&quot;classic&quot;}\">\n\t\t\t\t\t\t<div class=\"elementor-container elementor-column-gap-default\">\n\t\t\t<div class=\"border_line border_line_column_251a11a\"><\/div>\t\t<div class=\"elementor-column elementor-col-33 elementor-top-column elementor-element elementor-element-251a11a\" data-id=\"251a11a\" data-element_type=\"column\" data-settings=\"{&quot;background_background&quot;:&quot;classic&quot;}\">\n\t\t\t<div class=\"elementor-widget-wrap elementor-element-populated\">\n\t\t\t\t\t\t<div class=\"elementor-element elementor-element-a21ffee elementor-widget elementor-widget-hostim-icon\" data-id=\"a21ffee\" data-element_type=\"widget\" data-widget_type=\"hostim-icon.default\">\n\t\t\t\t<div class=\"elementor-widget-container\">\n\t\t\t\t\t<div class=\"elementor-icon-wrapper\">\r\n\t\t\t<div class=\"d-inline-flex align-items-center justify-content-center elementor-icon\">\r\n\t\t\t<i aria-hidden=\"true\" class=\"fas fa-mail-bulk\"><\/i>\t\t\t<\/div>\r\n\t\t<\/div>\r\n\t\t\t\t<\/div>\n\t\t\t\t<\/div>\n\t\t\t\t<div class=\"elementor-element elementor-element-591be21 elementor-widget elementor-widget-heading\" data-id=\"591be21\" data-element_type=\"widget\" data-widget_type=\"heading.default\">\n\t\t\t\t<div class=\"elementor-widget-container\">\n\t\t\t<h2 class=\"elementor-heading-title elementor-size-default\">Email<\/h2>\t\t<\/div>\n\t\t\t\t<\/div>\n\t\t\t\t<div class=\"elementor-element elementor-element-a82f2b2 elementor-widget elementor-widget-heading\" data-id=\"a82f2b2\" data-element_type=\"widget\" data-widget_type=\"heading.default\">\n\t\t\t\t<div class=\"elementor-widget-container\">\n\t\t\t<p class=\"elementor-heading-title elementor-size-default\">contact@hellowebtunisie.com\n\n<\/p>\t\t<\/div>\n\t\t\t\t<\/div>\n\t\t\t\t\t<\/div>\n\t\t<\/div>\n\t\t<div class=\"border_line border_line_column_3e9b16d\"><\/div>\t\t<div class=\"elementor-column elementor-col-33 elementor-top-column elementor-element elementor-element-3e9b16d\" data-id=\"3e9b16d\" data-element_type=\"column\" data-settings=\"{&quot;background_background&quot;:&quot;classic&quot;}\">\n\t\t\t<div class=\"elementor-widget-wrap elementor-element-populated\">\n\t\t\t\t\t\t<div class=\"elementor-element elementor-element-4738af3 elementor-widget elementor-widget-hostim-icon\" data-id=\"4738af3\" data-element_type=\"widget\" data-widget_type=\"hostim-icon.default\">\n\t\t\t\t<div class=\"elementor-widget-container\">\n\t\t\t\t\t<div class=\"elementor-icon-wrapper\">\r\n\t\t\t<div class=\"d-inline-flex align-items-center justify-content-center elementor-icon\">\r\n\t\t\t<i aria-hidden=\"true\" class=\"fas fa-phone-alt\"><\/i>\t\t\t<\/div>\r\n\t\t<\/div>\r\n\t\t\t\t<\/div>\n\t\t\t\t<\/div>\n\t\t\t\t<div class=\"elementor-element elementor-element-1d6f6f0 elementor-widget elementor-widget-heading\" data-id=\"1d6f6f0\" data-element_type=\"widget\" data-widget_type=\"heading.default\">\n\t\t\t\t<div class=\"elementor-widget-container\">\n\t\t\t<h2 class=\"elementor-heading-title elementor-size-default\">T\u00e9l\u00e9phone<\/h2>\t\t<\/div>\n\t\t\t\t<\/div>\n\t\t\t\t<div class=\"elementor-element elementor-element-c3bdb0f elementor-widget elementor-widget-heading\" data-id=\"c3bdb0f\" data-element_type=\"widget\" data-widget_type=\"heading.default\">\n\t\t\t\t<div class=\"elementor-widget-container\">\n\t\t\t<p class=\"elementor-heading-title elementor-size-default\">+216 36 36 68 81<BR>\n+216 21 037 420<\/p>\t\t<\/div>\n\t\t\t\t<\/div>\n\t\t\t\t\t<\/div>\n\t\t<\/div>\n\t\t<div class=\"border_line border_line_column_5120861\"><\/div>\t\t<div class=\"elementor-column elementor-col-33 elementor-top-column elementor-element elementor-element-5120861\" data-id=\"5120861\" data-element_type=\"column\" data-settings=\"{&quot;background_background&quot;:&quot;classic&quot;}\">\n\t\t\t<div class=\"elementor-widget-wrap elementor-element-populated\">\n\t\t\t\t\t\t<div class=\"elementor-element elementor-element-6f04a8c elementor-widget elementor-widget-hostim-icon\" data-id=\"6f04a8c\" data-element_type=\"widget\" data-widget_type=\"hostim-icon.default\">\n\t\t\t\t<div class=\"elementor-widget-container\">\n\t\t\t\t\t<div class=\"elementor-icon-wrapper\">\r\n\t\t\t<div class=\"d-inline-flex align-items-center justify-content-center elementor-icon\">\r\n\t\t\t<i aria-hidden=\"true\" class=\"fas fa-home\"><\/i>\t\t\t<\/div>\r\n\t\t<\/div>\r\n\t\t\t\t<\/div>\n\t\t\t\t<\/div>\n\t\t\t\t<div class=\"elementor-element elementor-element-523f88d elementor-widget elementor-widget-heading\" data-id=\"523f88d\" data-element_type=\"widget\" data-widget_type=\"heading.default\">\n\t\t\t\t<div class=\"elementor-widget-container\">\n\t\t\t<h2 class=\"elementor-heading-title elementor-size-default\">Adresse<\/h2>\t\t<\/div>\n\t\t\t\t<\/div>\n\t\t\t\t<div class=\"elementor-element elementor-element-61fdc8b elementor-widget elementor-widget-heading\" data-id=\"61fdc8b\" data-element_type=\"widget\" data-widget_type=\"heading.default\">\n\t\t\t\t<div class=\"elementor-widget-container\">\n\t\t\t<p class=\"elementor-heading-title elementor-size-default\">A7-5 Immeuble Malak center boulevard de la terre, Centre urbain Nord Tunis. En face de la facult\u00e9 INSAT.<\/p>\t\t<\/div>\n\t\t\t\t<\/div>\n\t\t\t\t\t<\/div>\n\t\t<\/div>\n\t\t\t\t\t<\/div>\n\t\t<\/section>\n\t\t\t\t<section class=\"elementor-section elementor-top-section elementor-element elementor-element-3ca18c8 elementor-section-boxed elementor-section-height-default elementor-section-height-default\" data-id=\"3ca18c8\" data-element_type=\"section\" data-settings=\"{&quot;background_background&quot;:&quot;classic&quot;}\">\n\t\t\t\t\t\t\t<div class=\"elementor-background-overlay\"><\/div>\n\t\t\t\t\t\t\t<div class=\"elementor-container elementor-column-gap-default\">\n\t\t\t<div class=\"border_line border_line_column_a479fab\"><\/div>\t\t<div class=\"elementor-column elementor-col-100 elementor-top-column elementor-element elementor-element-a479fab\" data-id=\"a479fab\" data-element_type=\"column\">\n\t\t\t<div class=\"elementor-widget-wrap elementor-element-populated\">\n\t\t\t\t\t\t<div class=\"elementor-element elementor-element-f7b2ac3 elementor-widget elementor-widget-heading\" data-id=\"f7b2ac3\" data-element_type=\"widget\" data-widget_type=\"heading.default\">\n\t\t\t\t<div class=\"elementor-widget-container\">\n\t\t\t<h2 class=\"elementor-heading-title elementor-size-default\">HELLO WEB\n<\/h2>\t\t<\/div>\n\t\t\t\t<\/div>\n\t\t\t\t<div class=\"elementor-element elementor-element-d1f4e37 elementor-widget elementor-widget-text-editor\" data-id=\"d1f4e37\" data-element_type=\"widget\" data-widget_type=\"text-editor.default\">\n\t\t\t\t<div class=\"elementor-widget-container\">\n\t\t\t<style>\/*! elementor - v3.19.0 - 07-02-2024 *\/\n.elementor-widget-text-editor.elementor-drop-cap-view-stacked .elementor-drop-cap{background-color:#69727d;color:#fff}.elementor-widget-text-editor.elementor-drop-cap-view-framed .elementor-drop-cap{color:#69727d;border:3px solid;background-color:transparent}.elementor-widget-text-editor:not(.elementor-drop-cap-view-default) .elementor-drop-cap{margin-top:8px}.elementor-widget-text-editor:not(.elementor-drop-cap-view-default) .elementor-drop-cap-letter{width:1em;height:1em}.elementor-widget-text-editor .elementor-drop-cap{float:left;text-align:center;line-height:1;font-size:50px}.elementor-widget-text-editor .elementor-drop-cap-letter{display:inline-block}<\/style>\t\t\t\t<div class=\"elementor-element elementor-element-dba913e elementor-widget elementor-widget-text-editor\" data-id=\"dba913e\" data-element_type=\"widget\" data-widget_type=\"text-editor.default\"><div class=\"elementor-widget-container\"><p>Avec l\u2019agence Hello Web, nous vous garantissons un service hautement personnalis\u00e9 gr\u00e2ce \u00e0 notre \u00e9quipe qualifi\u00e9e. Nous travaillons dur pour vous fournir des sites web et des solutions qui d\u00e9passent vos attentes.<\/p><\/div><\/div><div class=\"elementor-element elementor-element-4407c6c elementor-widget elementor-widget-icontact_info\" data-id=\"4407c6c\" data-element_type=\"widget\" data-widget_type=\"icontact_info.default\"><div class=\"elementor-widget-container\"><div class=\"contact-info text-light\">\u00a0<\/div><\/div><\/div>\t\t\t\t\t\t<\/div>\n\t\t\t\t<\/div>\n\t\t\t\t<div class=\"elementor-element elementor-element-13a5eb1 elementor-widget elementor-widget-shortcode\" data-id=\"13a5eb1\" data-element_type=\"widget\" data-widget_type=\"shortcode.default\">\n\t\t\t\t<div class=\"elementor-widget-container\">\n\t\t\t\t\t<div class=\"elementor-shortcode\">\n<div class=\"wpcf7 no-js\" id=\"wpcf7-f1322-o1\" lang=\"en-US\" dir=\"ltr\" data-wpcf7-id=\"1322\">\n<div class=\"screen-reader-response\"><p role=\"status\" aria-live=\"polite\" aria-atomic=\"true\"><\/p> <ul><\/ul><\/div>\n<form action=\"\/en\/wp-json\/wp\/v2\/pages\/1300#wpcf7-f1322-o1\" method=\"post\" class=\"wpcf7-form init\" aria-label=\"Contact form\" novalidate=\"novalidate\" data-status=\"init\">\n<fieldset class=\"hidden-fields-container\"><input type=\"hidden\" name=\"_wpcf7\" value=\"1322\" \/><input type=\"hidden\" name=\"_wpcf7_version\" value=\"6.1.4\" \/><input type=\"hidden\" name=\"_wpcf7_locale\" value=\"en_US\" \/><input type=\"hidden\" name=\"_wpcf7_unit_tag\" value=\"wpcf7-f1322-o1\" \/><input type=\"hidden\" name=\"_wpcf7_container_post\" value=\"0\" \/><input type=\"hidden\" name=\"_wpcf7_posted_data_hash\" value=\"\" \/>\n<\/fieldset>\n<div class=\"row justify-content-center hm-contact-form m-0\">\n<div class=\"col-lg-8\">\n<div class=\"row g-4\">\n<div class=\"col-md-6\">\n<div class=\"input-field\">\n<label for=\"votre_nom\">Nom<\/label><input size=\"40\" maxlength=\"400\" class=\"wpcf7-form-control wpcf7-text wpcf7-validates-as-required\" id=\"your_name\" aria-required=\"true\" aria-invalid=\"false\" placeholder=\"Votre nom\" value=\"\" type=\"text\" name=\"your-name\" \/>\n<\/div>\n<\/div>\n<div class=\"col-md-6\">\n<div class=\"input-field\">\n<label for=\"your_email\">Email<\/label><input size=\"40\" maxlength=\"400\" class=\"wpcf7-form-control wpcf7-email wpcf7-validates-as-required wpcf7-text wpcf7-validates-as-email\" id=\"your_email\" aria-required=\"true\" aria-invalid=\"false\" placeholder=\"Enter Email\" value=\"\" type=\"email\" name=\"your-email\" \/>\n<\/div>\n<\/div>\n<div class=\"col-md-6\">\n<div class=\"input-field\">\n<label for=\"t\u00e9l\u00e9phone\">T\u00e9l\u00e9phone<\/label><input size=\"40\" maxlength=\"400\" class=\"wpcf7-form-control wpcf7-text\" id=\"your_phone\" aria-invalid=\"false\" placeholder=\"T\u00e9l\u00e9phone\" value=\"\" type=\"text\" name=\"text-272\" \/>\n<\/div>\n<\/div>\n<div class=\"col-md-6\">\n<div class=\"input-field\">\n<label for=\"sujet_\">Sujet<\/label><input size=\"40\" maxlength=\"400\" class=\"wpcf7-form-control wpcf7-text\" id=\"subject_\" aria-invalid=\"false\" placeholder=\"Sujet\" value=\"\" type=\"text\" name=\"subject\" \/>\n<\/div>\n<\/div>\n<div class=\"col-md-12\">\n<div class=\"input-field\">\n<label for=\"message_\">Message<\/label><textarea cols=\"40\" rows=\"5\" maxlength=\"2000\" class=\"wpcf7-form-control wpcf7-textarea wpcf7-validates-as-required text-message\" id=\"message_\" aria-required=\"true\" aria-invalid=\"false\" placeholder=\"\u00c9crire un message\" name=\"textarea-917\"><\/textarea>\n<\/div>\n<\/div>\n<\/div>\n<\/div>\n<\/div>\n<div class=\"submit-btn text-center mt-4\">\n<button type=\"submit\" class=\"template-btn primary-btn border-0 rounded-pill\">Envoyer le message<i class=\"fa-solid fa-chevron-right ms-2\"><\/i><\/button>\n<\/div><div class=\"wpcf7-response-output\" aria-hidden=\"true\"><\/div>\n<\/form>\n<\/div>\n<\/div>\n\t\t\t\t<\/div>\n\t\t\t\t<\/div>\n\t\t\t\t\t<\/div>\n\t\t<\/div>\n\t\t\t\t\t<\/div>\n\t\t<\/section>\n\t\t\t\t<\/div>\n\t\t","protected":false},"excerpt":{"rendered":"<p>Contactez-Nous Notre finalit\u00e9 est de toujours atteindre les objectifs mesurables que nous d\u00e9finissons pr\u00e9alablement avec vous. Nous vous garantissons un excellent retour sur investissement et vous rapprochons de vos finalit\u00e9s quelle que soit leur nature. Contactez-Nous ! Email contact@hellowebtunisie.com T\u00e9l\u00e9phone +216 36 36 68 81 +216 21 037 420 Adresse A7-5 Immeuble Malak center boulevard [&hellip;]<\/p>\n","protected":false},"author":1,"featured_media":0,"parent":0,"menu_order":0,"comment_status":"closed","ping_status":"closed","template":"elementor_header_footer","meta":{"content-type":"","_monsterinsights_skip_tracking":false,"_monsterinsights_sitenote_active":false,"_monsterinsights_sitenote_note":"","_monsterinsights_sitenote_category":0,"_uf_show_specific_survey":0,"_uf_disable_surveys":false,"footnotes":""},"class_list":["post-1300","page","type-page","status-publish","hentry"],"yoast_head":"<!-- This site is optimized with the Yoast SEO plugin v26.8 - https:\/\/yoast.com\/product\/yoast-seo-wordpress\/ -->\n<title>Contactez-nous - contact HelloWeb hosting<\/title>\n<meta name=\"description\" content=\"Contactez-nous facilement pour toutes vos questions ou demandes d&#039;assistance. Notre \u00e9quipe est l\u00e0 pour vous aider appelez-nous d\u00e8s aujourd&#039;hui !\" \/>\n<meta name=\"robots\" content=\"index, follow, max-snippet:-1, max-image-preview:large, max-video-preview:-1\" \/>\n<link rel=\"canonical\" href=\"https:\/\/helloweb-hosting.com\/en\/contactez-nous\/\" \/>\n<meta property=\"og:locale\" content=\"en_US\" \/>\n<meta property=\"og:type\" content=\"article\" \/>\n<meta property=\"og:title\" content=\"Contactez-nous - contact HelloWeb hosting\" \/>\n<meta property=\"og:description\" content=\"Contactez-nous facilement pour toutes vos questions ou demandes d&#039;assistance. Notre \u00e9quipe est l\u00e0 pour vous aider appelez-nous d\u00e8s aujourd&#039;hui !\" \/>\n<meta property=\"og:url\" content=\"https:\/\/helloweb-hosting.com\/en\/contactez-nous\/\" \/>\n<meta property=\"og:site_name\" content=\"helloweb\" \/>\n<meta property=\"article:publisher\" content=\"https:\/\/www.facebook.com\/helloweb.tn\/?locale=fr_FR\" \/>\n<meta property=\"article:modified_time\" content=\"2025-11-20T14:49:51+00:00\" \/>\n<meta property=\"og:image\" content=\"https:\/\/www.facebook.com\/photo\/?fbid=501255018707916&set=a.489263363240415&locale=fr_FR\" \/>\n<meta name=\"twitter:card\" content=\"summary_large_image\" \/>\n<meta name=\"twitter:site\" content=\"@hellowebHosting\" \/>\n<meta name=\"twitter:label1\" content=\"Est. reading time\" \/>\n\t<meta name=\"twitter:data1\" content=\"1 minute\" \/>\n<script type=\"application\/ld+json\" class=\"yoast-schema-graph\">{\"@context\":\"https:\/\/schema.org\",\"@graph\":[{\"@type\":\"WebPage\",\"@id\":\"https:\/\/helloweb-hosting.com\/contactez-nous\/\",\"url\":\"https:\/\/helloweb-hosting.com\/contactez-nous\/\",\"name\":\"Contactez-nous - contact HelloWeb hosting\",\"isPartOf\":{\"@id\":\"https:\/\/helloweb-hosting.com\/en\/#website\"},\"primaryImageOfPage\":{\"@id\":\"https:\/\/helloweb-hosting.com\/contactez-nous\/#primaryimage\"},\"image\":{\"@id\":\"https:\/\/helloweb-hosting.com\/contactez-nous\/#primaryimage\"},\"thumbnailUrl\":\"https:\/\/helloweb-hosting.com\/wp-content\/uploads\/2025\/03\/Contactez-nous.svg\",\"datePublished\":\"2022-08-14T11:12:55+00:00\",\"dateModified\":\"2025-11-20T14:49:51+00:00\",\"description\":\"Contactez-nous facilement pour toutes vos questions ou demandes d'assistance. Notre \u00e9quipe est l\u00e0 pour vous aider appelez-nous d\u00e8s aujourd'hui !\",\"breadcrumb\":{\"@id\":\"https:\/\/helloweb-hosting.com\/contactez-nous\/#breadcrumb\"},\"inLanguage\":\"en-US\",\"potentialAction\":[{\"@type\":\"ReadAction\",\"target\":[\"https:\/\/helloweb-hosting.com\/contactez-nous\/\"]}]},{\"@type\":\"ImageObject\",\"inLanguage\":\"en-US\",\"@id\":\"https:\/\/helloweb-hosting.com\/contactez-nous\/#primaryimage\",\"url\":\"https:\/\/helloweb-hosting.com\/wp-content\/uploads\/2025\/03\/Contactez-nous.svg\",\"contentUrl\":\"https:\/\/helloweb-hosting.com\/wp-content\/uploads\/2025\/03\/Contactez-nous.svg\"},{\"@type\":\"BreadcrumbList\",\"@id\":\"https:\/\/helloweb-hosting.com\/contactez-nous\/#breadcrumb\",\"itemListElement\":[{\"@type\":\"ListItem\",\"position\":1,\"name\":\"Home\",\"item\":\"https:\/\/helloweb-hosting.com\/\"},{\"@type\":\"ListItem\",\"position\":2,\"name\":\"Contact\"}]},{\"@type\":\"WebSite\",\"@id\":\"https:\/\/helloweb-hosting.com\/en\/#website\",\"url\":\"https:\/\/helloweb-hosting.com\/en\/\",\"name\":\"helloweb\",\"description\":\"H\u00e9bergement web\",\"publisher\":{\"@id\":\"https:\/\/helloweb-hosting.com\/en\/#organization\"},\"potentialAction\":[{\"@type\":\"SearchAction\",\"target\":{\"@type\":\"EntryPoint\",\"urlTemplate\":\"https:\/\/helloweb-hosting.com\/en\/?s={search_term_string}\"},\"query-input\":{\"@type\":\"PropertyValueSpecification\",\"valueRequired\":true,\"valueName\":\"search_term_string\"}}],\"inLanguage\":\"en-US\"},{\"@type\":\"Organization\",\"@id\":\"https:\/\/helloweb-hosting.com\/en\/#organization\",\"name\":\"helloweb\",\"url\":\"https:\/\/helloweb-hosting.com\/en\/\",\"logo\":{\"@type\":\"ImageObject\",\"inLanguage\":\"en-US\",\"@id\":\"https:\/\/helloweb-hosting.com\/en\/#\/schema\/logo\/image\/\",\"url\":\"https:\/\/helloweb-hosting.com\/wp-content\/uploads\/2024\/02\/cropped-logo-helloweb-2-2.png\",\"contentUrl\":\"https:\/\/helloweb-hosting.com\/wp-content\/uploads\/2024\/02\/cropped-logo-helloweb-2-2.png\",\"width\":250,\"height\":114,\"caption\":\"helloweb\"},\"image\":{\"@id\":\"https:\/\/helloweb-hosting.com\/en\/#\/schema\/logo\/image\/\"},\"sameAs\":[\"https:\/\/www.facebook.com\/helloweb.tn\/?locale=fr_FR\",\"https:\/\/x.com\/hellowebHosting\"]}]}<\/script>\n<!-- \/ Yoast SEO plugin. -->","yoast_head_json":{"title":"Contactez-nous - contact HelloWeb hosting","description":"Contactez-nous facilement pour toutes vos questions ou demandes d'assistance. Notre \u00e9quipe est l\u00e0 pour vous aider appelez-nous d\u00e8s aujourd'hui !","robots":{"index":"index","follow":"follow","max-snippet":"max-snippet:-1","max-image-preview":"max-image-preview:large","max-video-preview":"max-video-preview:-1"},"canonical":"https:\/\/helloweb-hosting.com\/en\/contactez-nous\/","og_locale":"en_US","og_type":"article","og_title":"Contactez-nous - contact HelloWeb hosting","og_description":"Contactez-nous facilement pour toutes vos questions ou demandes d'assistance. Notre \u00e9quipe est l\u00e0 pour vous aider appelez-nous d\u00e8s aujourd'hui !","og_url":"https:\/\/helloweb-hosting.com\/en\/contactez-nous\/","og_site_name":"helloweb","article_publisher":"https:\/\/www.facebook.com\/helloweb.tn\/?locale=fr_FR","article_modified_time":"2025-11-20T14:49:51+00:00","og_image":[{"url":"https:\/\/www.facebook.com\/photo\/?fbid=501255018707916&set=a.489263363240415&locale=fr_FR","type":"","width":"","height":""}],"twitter_card":"summary_large_image","twitter_site":"@hellowebHosting","twitter_misc":{"Est. reading time":"1 minute"},"schema":{"@context":"https:\/\/schema.org","@graph":[{"@type":"WebPage","@id":"https:\/\/helloweb-hosting.com\/contactez-nous\/","url":"https:\/\/helloweb-hosting.com\/contactez-nous\/","name":"Contactez-nous - contact HelloWeb hosting","isPartOf":{"@id":"https:\/\/helloweb-hosting.com\/en\/#website"},"primaryImageOfPage":{"@id":"https:\/\/helloweb-hosting.com\/contactez-nous\/#primaryimage"},"image":{"@id":"https:\/\/helloweb-hosting.com\/contactez-nous\/#primaryimage"},"thumbnailUrl":"https:\/\/helloweb-hosting.com\/wp-content\/uploads\/2025\/03\/Contactez-nous.svg","datePublished":"2022-08-14T11:12:55+00:00","dateModified":"2025-11-20T14:49:51+00:00","description":"Contactez-nous facilement pour toutes vos questions ou demandes d'assistance. Notre \u00e9quipe est l\u00e0 pour vous aider appelez-nous d\u00e8s aujourd'hui !","breadcrumb":{"@id":"https:\/\/helloweb-hosting.com\/contactez-nous\/#breadcrumb"},"inLanguage":"en-US","potentialAction":[{"@type":"ReadAction","target":["https:\/\/helloweb-hosting.com\/contactez-nous\/"]}]},{"@type":"ImageObject","inLanguage":"en-US","@id":"https:\/\/helloweb-hosting.com\/contactez-nous\/#primaryimage","url":"https:\/\/helloweb-hosting.com\/wp-content\/uploads\/2025\/03\/Contactez-nous.svg","contentUrl":"https:\/\/helloweb-hosting.com\/wp-content\/uploads\/2025\/03\/Contactez-nous.svg"},{"@type":"BreadcrumbList","@id":"https:\/\/helloweb-hosting.com\/contactez-nous\/#breadcrumb","itemListElement":[{"@type":"ListItem","position":1,"name":"Home","item":"https:\/\/helloweb-hosting.com\/"},{"@type":"ListItem","position":2,"name":"Contact"}]},{"@type":"WebSite","@id":"https:\/\/helloweb-hosting.com\/en\/#website","url":"https:\/\/helloweb-hosting.com\/en\/","name":"helloweb","description":"Web hosting","publisher":{"@id":"https:\/\/helloweb-hosting.com\/en\/#organization"},"potentialAction":[{"@type":"SearchAction","target":{"@type":"EntryPoint","urlTemplate":"https:\/\/helloweb-hosting.com\/en\/?s={search_term_string}"},"query-input":{"@type":"PropertyValueSpecification","valueRequired":true,"valueName":"search_term_string"}}],"inLanguage":"en-US"},{"@type":"Organization","@id":"https:\/\/helloweb-hosting.com\/en\/#organization","name":"helloweb","url":"https:\/\/helloweb-hosting.com\/en\/","logo":{"@type":"ImageObject","inLanguage":"en-US","@id":"https:\/\/helloweb-hosting.com\/en\/#\/schema\/logo\/image\/","url":"https:\/\/helloweb-hosting.com\/wp-content\/uploads\/2024\/02\/cropped-logo-helloweb-2-2.png","contentUrl":"https:\/\/helloweb-hosting.com\/wp-content\/uploads\/2024\/02\/cropped-logo-helloweb-2-2.png","width":250,"height":114,"caption":"helloweb"},"image":{"@id":"https:\/\/helloweb-hosting.com\/en\/#\/schema\/logo\/image\/"},"sameAs":["https:\/\/www.facebook.com\/helloweb.tn\/?locale=fr_FR","https:\/\/x.com\/hellowebHosting"]}]}},"_links":{"self":[{"href":"https:\/\/helloweb-hosting.com\/en\/wp-json\/wp\/v2\/pages\/1300","targetHints":{"allow":["GET"]}}],"collection":[{"href":"https:\/\/helloweb-hosting.com\/en\/wp-json\/wp\/v2\/pages"}],"about":[{"href":"https:\/\/helloweb-hosting.com\/en\/wp-json\/wp\/v2\/types\/page"}],"author":[{"embeddable":true,"href":"https:\/\/helloweb-hosting.com\/en\/wp-json\/wp\/v2\/users\/1"}],"replies":[{"embeddable":true,"href":"https:\/\/helloweb-hosting.com\/en\/wp-json\/wp\/v2\/comments?post=1300"}],"version-history":[{"count":31,"href":"https:\/\/helloweb-hosting.com\/en\/wp-json\/wp\/v2\/pages\/1300\/revisions"}],"predecessor-version":[{"id":18848,"href":"https:\/\/helloweb-hosting.com\/en\/wp-json\/wp\/v2\/pages\/1300\/revisions\/18848"}],"wp:attachment":[{"href":"https:\/\/helloweb-hosting.com\/en\/wp-json\/wp\/v2\/media?parent=1300"}],"curies":[{"name":"wp","href":"https:\/\/api.w.org\/{rel}","templated":true}]}}